{"id":3,"date":"2020-11-24T17:58:30","date_gmt":"2020-11-24T17:58:30","guid":{"rendered":"http:\/\/waa.fundaciorecerca.cat\/?page_id=3"},"modified":"2022-01-17T16:41:21","modified_gmt":"2022-01-17T15:41:21","slug":"privacy-policy","status":"publish","type":"page","link":"https:\/\/amics.fcri.cat\/ca\/avis-legal","title":{"rendered":"Av\u00eds legal"},"content":{"rendered":"<p>[et_pb_section fb_built=&#8221;1&#8243; admin_label=&#8221;section&#8221; _builder_version=&#8221;3.22&#8243; global_colors_info=&#8221;{}&#8221;][et_pb_row admin_label=&#8221;row&#8221; _builder_version=&#8221;3.25&#8243; background_size=&#8221;initial&#8221; background_position=&#8221;top_left&#8221; background_repeat=&#8221;repeat&#8221; global_colors_info=&#8221;{}&#8221;][et_pb_column type=&#8221;4_4&#8243; _builder_version=&#8221;3.25&#8243; custom_padding=&#8221;|||&#8221; global_colors_info=&#8221;{}&#8221; custom_padding__hover=&#8221;|||&#8221;][et_pb_text admin_label=&#8221;Text&#8221; module_class=&#8221;avis-legal&#8221; _builder_version=&#8221;4.7.3&#8243; text_font_size=&#8221;16px&#8221; header_font_size=&#8221;40px&#8221; header_2_font_size=&#8221;28px&#8221; header_4_font=&#8221;|700|||||||&#8221; header_4_text_color=&#8221;#afa44f&#8221; header_4_font_size=&#8221;19px&#8221; background_size=&#8221;initial&#8221; background_position=&#8221;top_left&#8221; background_repeat=&#8221;repeat&#8221; global_colors_info=&#8221;{}&#8221;]<\/p>\n<h1>Av\u00eds legal<\/h1>\n<p>&nbsp;<\/p>\n<p>De conformitat amb el que estableix la normativa vigent de protecci\u00f3 de dades de car\u00e0cter personal, i en concret amb el Reglament (EU) 2016\/679 del Parlament i del Consell Europeu (RGPD), relatiu a la protecci\u00f3 de les persones f\u00edsiques pel que fa al tractament de dades personals i a la lliure circulaci\u00f3 d&#8217;aquestes dades i la Llei Org\u00e0nica 3\/2018, de 5 de desembre, de Protecci\u00f3 de Dades Personals i Garantia dels Drets Digitals (LPODGDD), us informem que les vostres dades personals seran tractades i gestionades d\u2019acord amb la normativa esmentada i amb la m\u00e0xima confidencialitat per la responsable del tractament de les dades personals, la FUNDACI\u00d3 CATALANA PER A LA RECERCA I LA INNOVACI\u00d3 (en endavant, FCRI)<\/p>\n<p>&nbsp;<\/p>\n<p>La finalitat principal del tractament de les seves dades personals, \u00e9s gestionar les aportacions de fons, i incorporar les seves dades personals a la base de dades de la FCRI per poder-los facilitar informaci\u00f3 sobre els actes i activitats que creiem que puguin ser del seu inter\u00e8s tan per correu electr\u00f2nic com per correu convencional, sempre que aix\u00ed ens ho autoritzi, marcant la casella corresponent. La conservaci\u00f3 de les dades a la nostra base de dades \u00e9s indefinida mentre vost\u00e8 no les cancel\u00b7li.<\/p>\n<p>&nbsp;<\/p>\n<p>Les persones titulars de les dades personals podran exercir gratu\u00eftament els drets d&#8217;acc\u00e9s, rectificaci\u00f3, supressi\u00f3, portabilitat de les seves dades i la limitaci\u00f3 o oposici\u00f3 al seu tractament. Aquests drets podran ser exercitats per les persones titulars o, si escau, per qui les representi, mitjan\u00e7ant sol\u00b7licitud escrita i signada, dirigida a l\u2019adre\u00e7a seg\u00fcent: FUNDACI\u00d3 CATALANA PER A LA RECERCA I LA INNOVACI\u00d3, passeig Llu\u00eds Companys, 23, 08010 \u2013 Barcelona, o a l\u2019adre\u00e7a electr\u00f2nica lopd@fundaciorecerca.cat. La sol\u00b7licitud ha d\u2019incloure les dades seg\u00fcents: nom i cognoms de la persona titular de les dades personals, domicili a efectes de notificacions, fotoc\u00f2pia del DNI o passaport, tot indicant com a refer\u00e8ncia Ref. &#8216;LOPD FCRI&#8217; aix\u00ed com el contingut del dret que es desitja exercir.<\/p>\n<p>&nbsp;<\/p>\n<p>Tamb\u00e9 informar-li que podr\u00e0 retirar el consentiment per al tractament en qualsevol moment.<\/p>\n<p>&nbsp;<\/p>\n<p>Els titulars de les dades, garanteixen que s\u00f3n majors d&#8217;edat i que la informaci\u00f3 facilitada \u00e9s exacta i vera\u00e7. Seran els \u00fanics responsables de la veracitat i correcci\u00f3 de les dades incloses, quedant l\u2019FCRI exonerada de qualsevol responsabilitat sobre aix\u00f2.<\/p>\n<p>&nbsp;<\/p>\n<p>Si considera que, per un motiu fundat, hem vulnerat algun dels seus drets, l&#8217;informem que t\u00e9 el dret i pot adre\u00e7ar-se a les Autoritats de Control per tal de reclamar-ho, en aquest cas, a l\u2019\u201dAgencia Espa\u00f1ola de Protecci\u00f3n de Datos\u201d.<\/p>\n<p>[\/et_pb_text][\/et_pb_column][\/et_pb_row][\/et_pb_section]<\/p>\n","protected":false},"excerpt":{"rendered":"<p>Av\u00eds legal &nbsp; De conformitat amb el que estableix la normativa vigent de protecci\u00f3 de dades de car\u00e0cter personal, i en concret amb el Reglament (EU) 2016\/679 del Parlament i del Consell Europeu (RGPD), relatiu a la protecci\u00f3 de les persones f\u00edsiques pel que fa al tractament de dades personals i a la lliure circulaci\u00f3 [&hellip;]<\/p>\n","protected":false},"author":1,"featured_media":0,"parent":0,"menu_order":0,"comment_status":"closed","ping_status":"closed","template":"","meta":{"_et_pb_use_builder":"on","_et_pb_old_content":"<!-- wp:heading --><h2>Who we are<\/h2><!-- \/wp:heading --><!-- wp:paragraph --><p>Our website address is: https:\/\/amics.fcri.cat.<\/p><!-- \/wp:paragraph --><!-- wp:heading --><h2>What personal data we collect and why we collect it<\/h2><!-- \/wp:heading --><!-- wp:heading {\"level\":3} --><h3>Comments<\/h3><!-- \/wp:heading --><!-- wp:paragraph --><p>When visitors leave comments on the site we collect the data shown in the comments form, and also the visitor&#8217;s IP address and browser user agent string to help spam detection.<\/p><!-- \/wp:paragraph --><!-- wp:paragraph --><p>An anonymized string created from your email address (also called a hash) may be provided to the Gravatar service to see if you are using it. The Gravatar service privacy policy is available here: https:\/\/automattic.com\/privacy\/. After approval of your comment, your profile picture is visible to the public in the context of your comment.<\/p><!-- \/wp:paragraph --><!-- wp:heading {\"level\":3} --><h3>Media<\/h3><!-- \/wp:heading --><!-- wp:paragraph --><p>If you upload images to the website, you should avoid uploading images with embedded location data (EXIF GPS) included. Visitors to the website can download and extract any location data from images on the website.<\/p><!-- \/wp:paragraph --><!-- wp:heading {\"level\":3} --><h3>Contact forms<\/h3><!-- \/wp:heading --><!-- wp:heading {\"level\":3} --><h3>Cookies<\/h3><!-- \/wp:heading --><!-- wp:paragraph --><p>If you leave a comment on our site you may opt-in to saving your name, email address and website in cookies. These are for your convenience so that you do not have to fill in your details again when you leave another comment. These cookies will last for one year.<\/p><!-- \/wp:paragraph --><!-- wp:paragraph --><p>If you visit our login page, we will set a temporary cookie to determine if your browser accepts cookies. This cookie contains no personal data and is discarded when you close your browser.<\/p><!-- \/wp:paragraph --><!-- wp:paragraph --><p>When you log in, we will also set up several cookies to save your login information and your screen display choices. Login cookies last for two days, and screen options cookies last for a year. If you select &quot;Remember Me&quot;, your login will persist for two weeks. If you log out of your account, the login cookies will be removed.<\/p><!-- \/wp:paragraph --><!-- wp:paragraph --><p>If you edit or publish an article, an additional cookie will be saved in your browser. This cookie includes no personal data and simply indicates the post ID of the article you just edited. It expires after 1 day.<\/p><!-- \/wp:paragraph --><!-- wp:heading {\"level\":3} --><h3>Embedded content from other websites<\/h3><!-- \/wp:heading --><!-- wp:paragraph --><p>Articles on this site may include embedded content (e.g. videos, images, articles, etc.). Embedded content from other websites behaves in the exact same way as if the visitor has visited the other website.<\/p><!-- \/wp:paragraph --><!-- wp:paragraph --><p>These websites may collect data about you, use cookies, embed additional third-party tracking, and monitor your interaction with that embedded content, including tracking your interaction with the embedded content if you have an account and are logged in to that website.<\/p><!-- \/wp:paragraph --><!-- wp:heading {\"level\":3} --><h3>Analytics<\/h3><!-- \/wp:heading --><!-- wp:heading --><h2>Who we share your data with<\/h2><!-- \/wp:heading --><!-- wp:heading --><h2>How long we retain your data<\/h2><!-- \/wp:heading --><!-- wp:paragraph --><p>If you leave a comment, the comment and its metadata are retained indefinitely. This is so we can recognize and approve any follow-up comments automatically instead of holding them in a moderation queue.<\/p><!-- \/wp:paragraph --><!-- wp:paragraph --><p>For users that register on our website (if any), we also store the personal information they provide in their user profile. All users can see, edit, or delete their personal information at any time (except they cannot change their username). Website administrators can also see and edit that information.<\/p><!-- \/wp:paragraph --><!-- wp:heading --><h2>What rights you have over your data<\/h2><!-- \/wp:heading --><!-- wp:paragraph --><p>If you have an account on this site, or have left comments, you can request to receive an exported file of the personal data we hold about you, including any data you have provided to us. You can also request that we erase any personal data we hold about you. This does not include any data we are obliged to keep for administrative, legal, or security purposes.<\/p><!-- \/wp:paragraph --><!-- wp:heading --><h2>Where we send your data<\/h2><!-- \/wp:heading --><!-- wp:paragraph --><p>Visitor comments may be checked through an automated spam detection service.<\/p><!-- \/wp:paragraph --><!-- wp:heading --><h2>Your contact information<\/h2><!-- \/wp:heading --><!-- wp:heading --><h2>Additional information<\/h2><!-- \/wp:heading --><!-- wp:heading {\"level\":3} --><h3>How we protect your data<\/h3><!-- \/wp:heading --><!-- wp:heading {\"level\":3} --><h3>What data breach procedures we have in place<\/h3><!-- \/wp:heading --><!-- wp:heading {\"level\":3} --><h3>What third parties we receive data from<\/h3><!-- \/wp:heading --><!-- wp:heading {\"level\":3} --><h3>What automated decision making and\/or profiling we do with user data<\/h3><!-- \/wp:heading --><!-- wp:heading {\"level\":3} --><h3>Industry regulatory disclosure requirements<\/h3><!-- \/wp:heading -->","_et_gb_content_width":"","footnotes":""},"class_list":["post-3","page","type-page","status-publish","hentry"],"_links":{"self":[{"href":"https:\/\/amics.fcri.cat\/ca\/wp-json\/wp\/v2\/pages\/3","targetHints":{"allow":["GET"]}}],"collection":[{"href":"https:\/\/amics.fcri.cat\/ca\/wp-json\/wp\/v2\/pages"}],"about":[{"href":"https:\/\/amics.fcri.cat\/ca\/wp-json\/wp\/v2\/types\/page"}],"author":[{"embeddable":true,"href":"https:\/\/amics.fcri.cat\/ca\/wp-json\/wp\/v2\/users\/1"}],"replies":[{"embeddable":true,"href":"https:\/\/amics.fcri.cat\/ca\/wp-json\/wp\/v2\/comments?post=3"}],"version-history":[{"count":7,"href":"https:\/\/amics.fcri.cat\/ca\/wp-json\/wp\/v2\/pages\/3\/revisions"}],"predecessor-version":[{"id":5740,"href":"https:\/\/amics.fcri.cat\/ca\/wp-json\/wp\/v2\/pages\/3\/revisions\/5740"}],"wp:attachment":[{"href":"https:\/\/amics.fcri.cat\/ca\/wp-json\/wp\/v2\/media?parent=3"}],"curies":[{"name":"wp","href":"https:\/\/api.w.org\/{rel}","templated":true}]}}